{"id":2,"date":"2022-02-09T15:51:46","date_gmt":"2022-02-09T15:51:46","guid":{"rendered":"https:\/\/www.stevecircuit.hu\/?page_id=2"},"modified":"2022-09-20T11:05:12","modified_gmt":"2022-09-20T11:05:12","slug":"kezdolap","status":"publish","type":"page","link":"https:\/\/www.stevecircuit.hu\/","title":{"rendered":"Kezd\u0151lap"},"content":{"rendered":"\t\t<div data-elementor-type=\"wp-page\" data-elementor-id=\"2\" class=\"elementor elementor-2\" data-elementor-settings=\"[]\">\n\t\t\t\t\t\t<div class=\"elementor-inner\">\n\t\t\t\t\t\t\t<div class=\"elementor-section-wrap\">\n\t\t\t\t\t\t\t<section class=\"elementor-section elementor-top-section elementor-element elementor-element-21914116 elementor-section-stretched elementor-section-boxed elementor-section-height-default elementor-section-height-default\" data-id=\"21914116\" data-element_type=\"section\" data-settings=\"{&quot;stretch_section&quot;:&quot;section-stretched&quot;}\">\n\t\t\t\t\t\t<div class=\"elementor-container elementor-column-gap-default\">\n\t\t\t\t\t\t\t<div class=\"elementor-row\">\n\t\t\t\t\t<div class=\"elementor-column elementor-col-100 elementor-top-column elementor-element elementor-element-1597963d\" data-id=\"1597963d\" data-element_type=\"column\">\n\t\t\t<div class=\"elementor-column-wrap elementor-element-populated\">\n\t\t\t\t\t\t\t<div class=\"elementor-widget-wrap\">\n\t\t\t\t\t\t<div class=\"elementor-element elementor-element-a1b8b26 elementor-widget elementor-widget-heading\" data-id=\"a1b8b26\" data-element_type=\"widget\" data-widget_type=\"heading.default\">\n\t\t\t\t<div class=\"elementor-widget-container\">\n\t\t\t<h1 class=\"elementor-heading-title elementor-size-default\">Ter\u00fcletek<\/h1>\t\t<\/div>\n\t\t\t\t<\/div>\n\t\t\t\t<section class=\"elementor-section elementor-inner-section elementor-element elementor-element-1fe34f8 elementor-section-boxed elementor-section-height-default elementor-section-height-default\" data-id=\"1fe34f8\" data-element_type=\"section\">\n\t\t\t\t\t\t<div class=\"elementor-container elementor-column-gap-default\">\n\t\t\t\t\t\t\t<div class=\"elementor-row\">\n\t\t\t\t\t<div class=\"elementor-column elementor-col-33 elementor-inner-column elementor-element elementor-element-383ac10\" data-id=\"383ac10\" data-element_type=\"column\">\n\t\t\t<div class=\"elementor-column-wrap elementor-element-populated\">\n\t\t\t\t\t\t\t<div class=\"elementor-widget-wrap\">\n\t\t\t\t\t\t<div class=\"elementor-element elementor-element-36c6960 elementor-view-default elementor-position-top elementor-vertical-align-top elementor-widget elementor-widget-icon-box\" data-id=\"36c6960\" data-element_type=\"widget\" data-widget_type=\"icon-box.default\">\n\t\t\t\t<div class=\"elementor-widget-container\">\n\t\t\t\t\t<div class=\"elementor-icon-box-wrapper\">\n\t\t\t\t\t\t<div class=\"elementor-icon-box-icon\">\n\t\t\t\t<span class=\"elementor-icon elementor-animation-\" >\n\t\t\t\t<i aria-hidden=\"true\" class=\"fas fa-wrench\"><\/i>\t\t\t\t<\/span>\n\t\t\t<\/div>\n\t\t\t\t\t\t<div class=\"elementor-icon-box-content\">\n\t\t\t\t<h3 class=\"elementor-icon-box-title\">\n\t\t\t\t\t<span >G\u00e9pgy\u00e1rt\u00e1stechnol\u00f3gia<\/span>\n\t\t\t\t<\/h3>\n\t\t\t\t\t\t\t\t<p class=\"elementor-icon-box-description\">Egyedi alkatr\u00e9szek \u00e9s g\u00e9pek tervez\u00e9se, gy\u00e1rt\u00e1sa<\/p>\n\t\t\t\t\t\t\t<\/div>\n\t\t<\/div>\n\t\t\t\t<\/div>\n\t\t\t\t<\/div>\n\t\t\t\t\t\t<\/div>\n\t\t\t\t\t<\/div>\n\t\t<\/div>\n\t\t\t\t<div class=\"elementor-column elementor-col-33 elementor-inner-column elementor-element elementor-element-c230662\" data-id=\"c230662\" data-element_type=\"column\">\n\t\t\t<div class=\"elementor-column-wrap elementor-element-populated\">\n\t\t\t\t\t\t\t<div class=\"elementor-widget-wrap\">\n\t\t\t\t\t\t<div class=\"elementor-element elementor-element-8355c8b elementor-view-default elementor-position-top elementor-vertical-align-top elementor-widget elementor-widget-icon-box\" data-id=\"8355c8b\" data-element_type=\"widget\" data-widget_type=\"icon-box.default\">\n\t\t\t\t<div class=\"elementor-widget-container\">\n\t\t\t\t\t<div class=\"elementor-icon-box-wrapper\">\n\t\t\t\t\t\t<div class=\"elementor-icon-box-icon\">\n\t\t\t\t<span class=\"elementor-icon elementor-animation-\" >\n\t\t\t\t<i aria-hidden=\"true\" class=\"fas fa-bolt\"><\/i>\t\t\t\t<\/span>\n\t\t\t<\/div>\n\t\t\t\t\t\t<div class=\"elementor-icon-box-content\">\n\t\t\t\t<h3 class=\"elementor-icon-box-title\">\n\t\t\t\t\t<span >Elektronika \u00e9s villamosipar<\/span>\n\t\t\t\t<\/h3>\n\t\t\t\t\t\t\t\t<p class=\"elementor-icon-box-description\">Egyedi \u00e1ramk\u00f6r\u00f6k \u00e9s vez\u00e9rl\u00e9sek kivitelez\u00e9se<\/p>\n\t\t\t\t\t\t\t<\/div>\n\t\t<\/div>\n\t\t\t\t<\/div>\n\t\t\t\t<\/div>\n\t\t\t\t\t\t<\/div>\n\t\t\t\t\t<\/div>\n\t\t<\/div>\n\t\t\t\t<div class=\"elementor-column elementor-col-33 elementor-inner-column elementor-element elementor-element-bd91913\" data-id=\"bd91913\" data-element_type=\"column\">\n\t\t\t<div class=\"elementor-column-wrap elementor-element-populated\">\n\t\t\t\t\t\t\t<div class=\"elementor-widget-wrap\">\n\t\t\t\t\t\t<div class=\"elementor-element elementor-element-907e09b elementor-view-default elementor-position-top elementor-vertical-align-top elementor-widget elementor-widget-icon-box\" data-id=\"907e09b\" data-element_type=\"widget\" data-widget_type=\"icon-box.default\">\n\t\t\t\t<div class=\"elementor-widget-container\">\n\t\t\t\t\t<div class=\"elementor-icon-box-wrapper\">\n\t\t\t\t\t\t<div class=\"elementor-icon-box-icon\">\n\t\t\t\t<span class=\"elementor-icon elementor-animation-\" >\n\t\t\t\t<i aria-hidden=\"true\" class=\"fas fa-terminal\"><\/i>\t\t\t\t<\/span>\n\t\t\t<\/div>\n\t\t\t\t\t\t<div class=\"elementor-icon-box-content\">\n\t\t\t\t<h3 class=\"elementor-icon-box-title\">\n\t\t\t\t\t<span >Fejleszt\u00e9s<\/span>\n\t\t\t\t<\/h3>\n\t\t\t\t\t\t\t\t<p class=\"elementor-icon-box-description\">Be\u00e1gyazott rendszerek fejleszt\u00e9se<\/p>\n\t\t\t\t\t\t\t<\/div>\n\t\t<\/div>\n\t\t\t\t<\/div>\n\t\t\t\t<\/div>\n\t\t\t\t\t\t<\/div>\n\t\t\t\t\t<\/div>\n\t\t<\/div>\n\t\t\t\t\t\t\t\t<\/div>\n\t\t\t\t\t<\/div>\n\t\t<\/section>\n\t\t\t\t\t\t<\/div>\n\t\t\t\t\t<\/div>\n\t\t<\/div>\n\t\t\t\t\t\t\t\t<\/div>\n\t\t\t\t\t<\/div>\n\t\t<\/section>\n\t\t\t\t<section class=\"elementor-section elementor-top-section elementor-element elementor-element-a1af379 elementor-section-full_width elementor-section-stretched elementor-section-height-default elementor-section-height-default\" data-id=\"a1af379\" data-element_type=\"section\" data-settings=\"{&quot;stretch_section&quot;:&quot;section-stretched&quot;}\">\n\t\t\t\t\t\t<div class=\"elementor-container elementor-column-gap-default\">\n\t\t\t\t\t\t\t<div class=\"elementor-row\">\n\t\t\t\t\t<div class=\"elementor-column elementor-col-100 elementor-top-column elementor-element elementor-element-c28013e\" data-id=\"c28013e\" data-element_type=\"column\">\n\t\t\t<div class=\"elementor-column-wrap elementor-element-populated\">\n\t\t\t\t\t\t\t<div class=\"elementor-widget-wrap\">\n\t\t\t\t\t\t<div class=\"elementor-element elementor-element-55d470c elementor-widget elementor-widget-heading\" data-id=\"55d470c\" data-element_type=\"widget\" data-widget_type=\"heading.default\">\n\t\t\t\t<div class=\"elementor-widget-container\">\n\t\t\t<h1 class=\"elementor-heading-title elementor-size-default\">L\u00e9pj\u00fcnk kapcsolatba!<\/h1>\t\t<\/div>\n\t\t\t\t<\/div>\n\t\t\t\t<section class=\"elementor-section elementor-inner-section elementor-element elementor-element-0133b50 elementor-section-boxed elementor-section-height-default elementor-section-height-default\" data-id=\"0133b50\" data-element_type=\"section\">\n\t\t\t\t\t\t<div class=\"elementor-container elementor-column-gap-default\">\n\t\t\t\t\t\t\t<div class=\"elementor-row\">\n\t\t\t\t\t<div class=\"elementor-column elementor-col-50 elementor-inner-column elementor-element elementor-element-1e81d89\" data-id=\"1e81d89\" data-element_type=\"column\">\n\t\t\t<div class=\"elementor-column-wrap elementor-element-populated\">\n\t\t\t\t\t\t\t<div class=\"elementor-widget-wrap\">\n\t\t\t\t\t\t<div class=\"elementor-element elementor-element-b41e609 elementor-view-default elementor-position-top elementor-vertical-align-top elementor-widget elementor-widget-icon-box\" data-id=\"b41e609\" data-element_type=\"widget\" data-widget_type=\"icon-box.default\">\n\t\t\t\t<div class=\"elementor-widget-container\">\n\t\t\t\t\t<div class=\"elementor-icon-box-wrapper\">\n\t\t\t\t\t\t<div class=\"elementor-icon-box-icon\">\n\t\t\t\t<a class=\"elementor-icon elementor-animation-\" href=\"https:\/\/tiktok.com\/istvan.tech\">\n\t\t\t\t<svg xmlns=\"http:\/\/www.w3.org\/2000\/svg\" viewBox=\"0 0 448 512\"><path d=\"M448,209.91a210.06,210.06,0,0,1-122.77-39.25V349.38A162.55,162.55,0,1,1,185,188.31V278.2a74.62,74.62,0,1,0,52.23,71.18V0l88,0a121.18,121.18,0,0,0,1.86,22.17h0A122.18,122.18,0,0,0,381,102.39a121.43,121.43,0,0,0,67,20.14Z\"><\/path><\/svg>\t\t\t\t<\/a>\n\t\t\t<\/div>\n\t\t\t\t\t\t<div class=\"elementor-icon-box-content\">\n\t\t\t\t<h3 class=\"elementor-icon-box-title\">\n\t\t\t\t\t<a href=\"https:\/\/tiktok.com\/istvan.tech\">@istvan.tech<\/a>\n\t\t\t\t<\/h3>\n\t\t\t\t\t\t\t\t<p class=\"elementor-icon-box-description\">TikTokon is megtal\u00e1lod napi tartalmaimat.<\/p>\n\t\t\t\t\t\t\t<\/div>\n\t\t<\/div>\n\t\t\t\t<\/div>\n\t\t\t\t<\/div>\n\t\t\t\t\t\t<\/div>\n\t\t\t\t\t<\/div>\n\t\t<\/div>\n\t\t\t\t<div class=\"elementor-column elementor-col-50 elementor-inner-column elementor-element elementor-element-e22e99f\" data-id=\"e22e99f\" data-element_type=\"column\">\n\t\t\t<div class=\"elementor-column-wrap elementor-element-populated\">\n\t\t\t\t\t\t\t<div class=\"elementor-widget-wrap\">\n\t\t\t\t\t\t<div class=\"elementor-element elementor-element-30144e4 elementor-view-default elementor-position-top elementor-vertical-align-top elementor-widget elementor-widget-icon-box\" data-id=\"30144e4\" data-element_type=\"widget\" data-widget_type=\"icon-box.default\">\n\t\t\t\t<div class=\"elementor-widget-container\">\n\t\t\t\t\t<div class=\"elementor-icon-box-wrapper\">\n\t\t\t\t\t\t<div class=\"elementor-icon-box-icon\">\n\t\t\t\t<a class=\"elementor-icon elementor-animation-\" href=\"https:\/\/www.linkedin.com\/in\/istvannemet\/\">\n\t\t\t\t<i aria-hidden=\"true\" class=\"fab fa-linkedin\"><\/i>\t\t\t\t<\/a>\n\t\t\t<\/div>\n\t\t\t\t\t\t<div class=\"elementor-icon-box-content\">\n\t\t\t\t<h3 class=\"elementor-icon-box-title\">\n\t\t\t\t\t<a href=\"https:\/\/www.linkedin.com\/in\/istvannemet\/\">N\u00e9met Istv\u00e1n<\/a>\n\t\t\t\t<\/h3>\n\t\t\t\t\t\t\t\t<p class=\"elementor-icon-box-description\">L\u00e9pj\u00fcnk kapcsolatba a LinkedIn-en!<\/p>\n\t\t\t\t\t\t\t<\/div>\n\t\t<\/div>\n\t\t\t\t<\/div>\n\t\t\t\t<\/div>\n\t\t\t\t\t\t<\/div>\n\t\t\t\t\t<\/div>\n\t\t<\/div>\n\t\t\t\t\t\t\t\t<\/div>\n\t\t\t\t\t<\/div>\n\t\t<\/section>\n\t\t\t\t<section class=\"elementor-section elementor-inner-section elementor-element elementor-element-0a29fe3 elementor-section-boxed elementor-section-height-default elementor-section-height-default\" data-id=\"0a29fe3\" data-element_type=\"section\">\n\t\t\t\t\t\t<div class=\"elementor-container elementor-column-gap-default\">\n\t\t\t\t\t\t\t<div class=\"elementor-row\">\n\t\t\t\t\t<div class=\"elementor-column elementor-col-100 elementor-inner-column elementor-element elementor-element-1c26ff0\" data-id=\"1c26ff0\" data-element_type=\"column\">\n\t\t\t<div class=\"elementor-column-wrap elementor-element-populated\">\n\t\t\t\t\t\t\t<div class=\"elementor-widget-wrap\">\n\t\t\t\t\t\t<div class=\"elementor-element elementor-element-bf9a815 elementor-view-default elementor-position-top elementor-vertical-align-top elementor-widget elementor-widget-icon-box\" data-id=\"bf9a815\" data-element_type=\"widget\" data-widget_type=\"icon-box.default\">\n\t\t\t\t<div class=\"elementor-widget-container\">\n\t\t\t\t\t<div class=\"elementor-icon-box-wrapper\">\n\t\t\t\t\t\t<div class=\"elementor-icon-box-icon\">\n\t\t\t\t<a class=\"elementor-icon elementor-animation-\" href=\"https:\/\/www.printables.com\/social\/233084-nemet-istvan\/about\">\n\t\t\t\t<svg xmlns=\"http:\/\/www.w3.org\/2000\/svg\" viewBox=\"0 0 428.98 94.05\"><g class=\"printables-logo\"><polygon points=\"0 94.05 32.61 75.24 0 56.43 0 94.05\"><\/polygon><polygon points=\"32.61 0 0 18.81 32.61 37.62 32.61 75.24 65.22 56.43 65.22 18.81 32.61 0\"><\/polygon><\/g><g class=\"printables-text\"><path d=\"M90.87,69.2V18.8h23.9a18,18,0,0,1,9,2.23,15.36,15.36,0,0,1,6.08,6.34,20.25,20.25,0,0,1,2.16,9.57,20.52,20.52,0,0,1-2.16,9.62,15.32,15.32,0,0,1-6.08,6.37,18,18,0,0,1-9,2.23H104.19v14Zm23-26.86a4.51,4.51,0,0,0,3.45-1.47,5.52,5.52,0,0,0,1.37-3.93,5.51,5.51,0,0,0-1.37-3.88,4.45,4.45,0,0,0-3.45-1.52h-9.72v10.8Z\"><\/path><path d=\"M135.56,69.2V31.76H146.5l.72,2.66h.36a6.28,6.28,0,0,1,2.56-1.87,9.4,9.4,0,0,1,3.92-.79h6.77V43.35h-6.48Q148,43.35,148,50V69.2Z\"><\/path><path d=\"M176.35,26.72H163.6V16.64h12.75ZM176.2,69.2H163.75V31.76H176.2Z\"><\/path><path d=\"M182.48,69.2V31.76h10.94l.72,2.88h.36a10.83,10.83,0,0,1,3.82-2.48A15.09,15.09,0,0,1,204.37,31a14.69,14.69,0,0,1,7.49,1.87,13.1,13.1,0,0,1,5.07,5.33,16.85,16.85,0,0,1,1.84,8.06V69.2H206.31V49a5.93,5.93,0,0,0-1.55-4.25,6,6,0,0,0-8.28,0A6,6,0,0,0,194.94,49V69.2Z\"><\/path><path d=\"M239.29,69.2q-5.83,0-8.86-2.88t-3-8.28V43.35h-5.76V31.76h5.76V20.31h12.45V31.76h8.28V43.35h-8.28V55.3a2.12,2.12,0,0,0,2.52,2.52h5.76V69.2Z\"><\/path><path d=\"M258.11,68.41a11.19,11.19,0,0,1-4.71-4.11,10.75,10.75,0,0,1-1.62-5.83,11,11,0,0,1,3.89-8.82q3.89-3.34,11.23-3.35h7.85v-.64a4.55,4.55,0,0,0-1.37-3.42,5.2,5.2,0,0,0-8.07,1.4h-12a13,13,0,0,1,2.41-6.26,14.34,14.34,0,0,1,5.73-4.61A19.91,19.91,0,0,1,270,31,20.57,20.57,0,0,1,279.14,33a14.27,14.27,0,0,1,6,5.22,13.68,13.68,0,0,1,2.09,7.49V69.2h-11l-.72-2.88h-.36a10,10,0,0,1-3.78,2.48,15,15,0,0,1-5.94,1.12A16.4,16.4,0,0,1,258.11,68.41Zm15-9.47a5.5,5.5,0,0,0,1.66-4.21v-.65h-5.84a5.77,5.77,0,0,0-3.45.86,2.75,2.75,0,0,0-1.15,2.31,2.85,2.85,0,0,0,1.08,2.37,4.94,4.94,0,0,0,3.16.87A6.41,6.41,0,0,0,273.09,58.94Z\"><\/path><path d=\"M308.87,68.8A10,10,0,0,1,305,66.1h-.36l-.72,3.1H293V18.8h12.46V34.21h.36a9.11,9.11,0,0,1,3.56-2.2,15.16,15.16,0,0,1,5.58-1,15.93,15.93,0,0,1,8.6,2.45,17.55,17.55,0,0,1,6.27,6.87,21.37,21.37,0,0,1,2.34,10.12,21.4,21.4,0,0,1-2.34,10.08,17.46,17.46,0,0,1-6.27,6.91,15.93,15.93,0,0,1-8.6,2.45A15.12,15.12,0,0,1,308.87,68.8Zm8.75-12.56a8,8,0,0,0,2.05-5.76,8,8,0,0,0-2.05-5.76,7.09,7.09,0,0,0-10.19,0,8.12,8.12,0,0,0-2,5.76,8.12,8.12,0,0,0,2,5.76,7.09,7.09,0,0,0,10.19,0Z\"><\/path><path d=\"M348.87,69.2H336.42V18.8h12.45Z\"><\/path><path d=\"M362.72,67.36a18.43,18.43,0,0,1-7.09-7,19.38,19.38,0,0,1-2.56-9.9,19.38,19.38,0,0,1,2.56-9.9,18.43,18.43,0,0,1,7.09-7A20.09,20.09,0,0,1,372.8,31a19.73,19.73,0,0,1,9.86,2.48,17.91,17.91,0,0,1,6.88,6.88A19.75,19.75,0,0,1,392,50.26a16.89,16.89,0,0,1-.36,3.6H365.31a7,7,0,0,0,2.45,4.43,7.34,7.34,0,0,0,5,1.84,8.6,8.6,0,0,0,3.71-.76,7.52,7.52,0,0,0,2.41-1.62H391a17,17,0,0,1-9.28,10.37,20.75,20.75,0,0,1-8.93,1.8A20.09,20.09,0,0,1,362.72,67.36ZM379.85,47a7.4,7.4,0,0,0-2.3-4.57,6.69,6.69,0,0,0-4.75-1.84,7.21,7.21,0,0,0-5,1.84A7.59,7.59,0,0,0,365.31,47Z\"><\/path><path d=\"M401.79,68.19A13.81,13.81,0,0,1,396,63.37a10.72,10.72,0,0,1-1.84-5.83h12.17A2.9,2.9,0,0,0,407.62,60a6.54,6.54,0,0,0,3.92.94,7,7,0,0,0,3.67-.76,2.2,2.2,0,0,0,1.23-1.9,2.4,2.4,0,0,0-.79-1.91,5.61,5.61,0,0,0-2.81-1l-5.26-.8q-6.56-1-9.83-4A9.79,9.79,0,0,1,394.48,43a10.54,10.54,0,0,1,1.91-6.15,12.74,12.74,0,0,1,5.68-4.4,23.08,23.08,0,0,1,9.11-1.62,21.71,21.71,0,0,1,9.25,1.8,13.85,13.85,0,0,1,5.8,4.68,10.52,10.52,0,0,1,1.94,6H416.08a2.76,2.76,0,0,0-1.26-2.34,6.23,6.23,0,0,0-3.64-.9,5.8,5.8,0,0,0-3.31.79,2.26,2.26,0,0,0-1.15,1.87c0,1.3,1.17,2.12,3.53,2.45l5.4.79q13,2,13,12.1a10.48,10.48,0,0,1-1.91,6.08,12.78,12.78,0,0,1-5.76,4.4,24.26,24.26,0,0,1-9.4,1.61A21.77,21.77,0,0,1,401.79,68.19Z\"><\/path><path d=\"M280.52,90.37a2.42,2.42,0,0,1-1-.67h-.09l-.18.77h-2.72V77.94h3.1v3.83h.09a2.35,2.35,0,0,1,.89-.54A3.77,3.77,0,0,1,282,81a4,4,0,0,1,2.14.6,4.45,4.45,0,0,1,1.56,1.71,5.74,5.74,0,0,1,0,5A4.32,4.32,0,0,1,284.16,90a3.92,3.92,0,0,1-2.14.61A3.68,3.68,0,0,1,280.52,90.37Zm2.17-3.12a2.23,2.23,0,0,0,0-2.86,1.65,1.65,0,0,0-1.26-.54,1.67,1.67,0,0,0-1.27.54,2.29,2.29,0,0,0,0,2.86,1.67,1.67,0,0,0,1.27.54A1.65,1.65,0,0,0,282.69,87.25Z\"><\/path><path d=\"M294.13,81.16h3.32l-3.93,11a2.47,2.47,0,0,1-2.73,1.91H288.1V91.21H290a.54.54,0,0,0,.52-.31l.07-.16-3.69-9.58h3.31l1.9,5.3h.36Z\"><\/path><path d=\"M303.44,90.47V87.25h2.62a.7.7,0,0,0,.55-.2.77.77,0,0,0,.2-.57V77.94h3.31v9.6a2.88,2.88,0,0,1-.77,2.16,2.92,2.92,0,0,1-2.18.77Z\"><\/path><path d=\"M315.4,89.82a5.82,5.82,0,0,1-2.21-2.3,7.19,7.19,0,0,1,0-6.63,5.86,5.86,0,0,1,2.21-2.29,6.2,6.2,0,0,1,6.23,0,6,6,0,0,1,2.21,2.29,7.27,7.27,0,0,1,0,6.63,6,6,0,0,1-2.21,2.3,6.26,6.26,0,0,1-6.23,0ZM319.94,87a2.84,2.84,0,0,0,1-1.13,3.51,3.51,0,0,0,.38-1.69,3.55,3.55,0,0,0-.38-1.7,2.81,2.81,0,0,0-1-1.12,2.56,2.56,0,0,0-1.42-.4,2.61,2.61,0,0,0-1.43.4,2.84,2.84,0,0,0-1,1.12,3.67,3.67,0,0,0-.38,1.7,3.63,3.63,0,0,0,.38,1.69,2.87,2.87,0,0,0,1,1.13,2.61,2.61,0,0,0,1.43.4A2.56,2.56,0,0,0,319.94,87Z\"><\/path><path d=\"M328.65,90.14a4.06,4.06,0,0,1-1.83-1.57,4.39,4.39,0,0,1-.62-2.31h3.31a1.36,1.36,0,0,0,.53,1.11,3,3,0,0,0,2.88.11.88.88,0,0,0,.44-.77.78.78,0,0,0-.34-.65,3,3,0,0,0-1.18-.42l-2-.36a4.51,4.51,0,0,1-2.57-1.19,3.36,3.36,0,0,1-.83-2.44,3.68,3.68,0,0,1,.57-2,4,4,0,0,1,1.69-1.41,6.08,6.08,0,0,1,2.63-.52,6.63,6.63,0,0,1,2.84.56A4.15,4.15,0,0,1,336,79.84a4.42,4.42,0,0,1,.6,2.31h-3.31a1.35,1.35,0,0,0-.5-1.09,2,2,0,0,0-1.37-.43,2.14,2.14,0,0,0-1.21.29.89.89,0,0,0-.41.73.72.72,0,0,0,.31.62,2.28,2.28,0,0,0,1,.36l2,.36a5,5,0,0,1,2.74,1.21,3.43,3.43,0,0,1,.84,2.51,3.67,3.67,0,0,1-.58,2.05,3.9,3.9,0,0,1-1.74,1.43,7,7,0,0,1-2.81.52A6.71,6.71,0,0,1,328.65,90.14Z\"><\/path><path d=\"M347.85,90.47h-8.77V77.94h8.77v3h-5.46v1.84h5.11v2.87h-5.11v1.83h5.46Z\"><\/path><path d=\"M353.86,90.47h-3.31V77.94h8.72v3h-5.41v2h4.92v2.86h-4.92Z\"><\/path><path d=\"M366.93,90.47V77.94h5.94a4.47,4.47,0,0,1,2.25.56,3.81,3.81,0,0,1,1.51,1.57,5.54,5.54,0,0,1,0,4.77,3.8,3.8,0,0,1-1.51,1.59,4.47,4.47,0,0,1-2.25.55h-2.63v3.49Zm5.73-6.67a1.16,1.16,0,0,0,.86-.37,1.55,1.55,0,0,0,0-1.94,1.13,1.13,0,0,0-.86-.38h-2.42V83.8Z\"><\/path><path d=\"M389.91,90.47h-4l-3.08-3.81h-.24v3.81h-3.31V77.94h6.09a4.4,4.4,0,0,1,2.21.56,4,4,0,0,1,1.53,1.55,4.75,4.75,0,0,1,.56,2.33,4.62,4.62,0,0,1-.44,2A3.93,3.93,0,0,1,388,85.86a3.17,3.17,0,0,1-1.56.66Zm-7.35-6.76h2.57a1.14,1.14,0,0,0,.85-.38,1.51,1.51,0,0,0,0-1.93,1.14,1.14,0,0,0-.85-.38h-2.57Z\"><\/path><path d=\"M394.36,90a4.51,4.51,0,0,1-1.87-1.9,6.06,6.06,0,0,1-.66-2.9V77.94h3.31v7.25a2.26,2.26,0,0,0,.59,1.61,1.92,1.92,0,0,0,1.47.63,2,2,0,0,0,1.47-.63,2.26,2.26,0,0,0,.59-1.61V77.94h3.31v7.25a6,6,0,0,1-.66,2.89A4.65,4.65,0,0,1,400,90a5.75,5.75,0,0,1-2.83.67A5.84,5.84,0,0,1,394.36,90Z\"><\/path><path d=\"M407.11,90.14a4.06,4.06,0,0,1-1.83-1.57,4.38,4.38,0,0,1-.61-2.31H408a1.33,1.33,0,0,0,.53,1.11,2.34,2.34,0,0,0,1.49.42,2.42,2.42,0,0,0,1.39-.31.89.89,0,0,0,.43-.77.79.79,0,0,0-.33-.65,3.06,3.06,0,0,0-1.19-.42l-2-.36a4.58,4.58,0,0,1-2.57-1.19,3.4,3.4,0,0,1-.83-2.44,3.61,3.61,0,0,1,.58-2,3.87,3.87,0,0,1,1.68-1.41,6.11,6.11,0,0,1,2.63-.52,6.6,6.6,0,0,1,2.84.56,4.15,4.15,0,0,1,1.78,1.57,4.33,4.33,0,0,1,.61,2.31h-3.31a1.38,1.38,0,0,0-.5-1.09,2.05,2.05,0,0,0-1.38-.43,2.08,2.08,0,0,0-1.2.29.86.86,0,0,0-.41.73.74.74,0,0,0,.3.62,2.33,2.33,0,0,0,1,.36l2,.36a5,5,0,0,1,2.74,1.21,3.48,3.48,0,0,1,.84,2.51,3.67,3.67,0,0,1-.59,2.05,3.79,3.79,0,0,1-1.74,1.43,7,7,0,0,1-2.81.52A6.71,6.71,0,0,1,407.11,90.14Z\"><\/path><path d=\"M429,90.47H425.4l-.66-2.2h-4.49l-.66,2.2H416l4.17-12.53h4.65Zm-6.67-9-1.18,3.94h2.73l-1.2-3.94Z\"><\/path><\/g><\/svg>\t\t\t\t<\/a>\n\t\t\t<\/div>\n\t\t\t\t\t\t<div class=\"elementor-icon-box-content\">\n\t\t\t\t<h4 class=\"elementor-icon-box-title\">\n\t\t\t\t\t<a href=\"https:\/\/www.printables.com\/social\/233084-nemet-istvan\/about\">Printables profilom, ahol sok hasznos 3D modellt publik\u00e1lok.<\/a>\n\t\t\t\t<\/h4>\n\t\t\t\t\t\t\t<\/div>\n\t\t<\/div>\n\t\t\t\t<\/div>\n\t\t\t\t<\/div>\n\t\t\t\t\t\t<\/div>\n\t\t\t\t\t<\/div>\n\t\t<\/div>\n\t\t\t\t\t\t\t\t<\/div>\n\t\t\t\t\t<\/div>\n\t\t<\/section>\n\t\t\t\t\t\t<\/div>\n\t\t\t\t\t<\/div>\n\t\t<\/div>\n\t\t\t\t\t\t\t\t<\/div>\n\t\t\t\t\t<\/div>\n\t\t<\/section>\n\t\t\t\t\t\t<\/div>\n\t\t\t\t\t\t<\/div>\n\t\t\t\t\t<\/div>\n\t\t","protected":false},"excerpt":{"rendered":"<p>Ter\u00fcletek G\u00e9pgy\u00e1rt\u00e1stechnol\u00f3gia Egyedi alkatr\u00e9szek \u00e9s g\u00e9pek tervez\u00e9se, gy\u00e1rt\u00e1sa Elektronika \u00e9s villamosipar Egyedi \u00e1ramk\u00f6r\u00f6k \u00e9s vez\u00e9rl\u00e9sek kivitelez\u00e9se Fejleszt\u00e9s Be\u00e1gyazott rendszerek fejleszt\u00e9se L\u00e9pj\u00fcnk kapcsolatba! @istvan.tech TikTokon is megtal\u00e1lod napi tartalmaimat. N\u00e9met Istv\u00e1n L\u00e9pj\u00fcnk kapcsolatba a LinkedIn-en! Printables profilom, ahol sok hasznos 3D modellt publik\u00e1lok.<\/p>\n","protected":false},"author":1,"featured_media":0,"parent":0,"menu_order":0,"comment_status":"closed","ping_status":"closed","template":"","meta":[],"yoast_head":"<!-- This site is optimized with the Yoast SEO plugin v19.4 - https:\/\/yoast.com\/wordpress\/plugins\/seo\/ -->\n<title>Kezd\u0151lap - STEVECIRCUIT<\/title>\n<meta name=\"robots\" content=\"index, follow, max-snippet:-1, max-image-preview:large, max-video-preview:-1\" \/>\n<link rel=\"canonical\" href=\"https:\/\/www.stevecircuit.hu\/\" \/>\n<meta property=\"og:locale\" content=\"en_US\" \/>\n<meta property=\"og:type\" content=\"article\" \/>\n<meta property=\"og:title\" content=\"Kezd\u0151lap - STEVECIRCUIT\" \/>\n<meta property=\"og:description\" content=\"Ter\u00fcletek G\u00e9pgy\u00e1rt\u00e1stechnol\u00f3gia Egyedi alkatr\u00e9szek \u00e9s g\u00e9pek tervez\u00e9se, gy\u00e1rt\u00e1sa Elektronika \u00e9s villamosipar Egyedi \u00e1ramk\u00f6r\u00f6k \u00e9s vez\u00e9rl\u00e9sek kivitelez\u00e9se Fejleszt\u00e9s Be\u00e1gyazott rendszerek fejleszt\u00e9se L\u00e9pj\u00fcnk kapcsolatba! @istvan.tech TikTokon is megtal\u00e1lod napi tartalmaimat. N\u00e9met Istv\u00e1n L\u00e9pj\u00fcnk kapcsolatba a LinkedIn-en! Printables profilom, ahol sok hasznos 3D modellt publik\u00e1lok.\" \/>\n<meta property=\"og:url\" content=\"https:\/\/www.stevecircuit.hu\/\" \/>\n<meta property=\"og:site_name\" content=\"STEVECIRCUIT\" \/>\n<meta property=\"article:modified_time\" content=\"2022-09-20T11:05:12+00:00\" \/>\n<meta name=\"twitter:card\" content=\"summary_large_image\" \/>\n<meta name=\"twitter:label1\" content=\"Est. reading time\" \/>\n\t<meta name=\"twitter:data1\" content=\"1 minute\" \/>\n<script type=\"application\/ld+json\" class=\"yoast-schema-graph\">{\"@context\":\"https:\/\/schema.org\",\"@graph\":[{\"@type\":\"WebSite\",\"@id\":\"https:\/\/www.stevecircuit.hu\/#website\",\"url\":\"https:\/\/www.stevecircuit.hu\/\",\"name\":\"STEVECIRCUIT\",\"description\":\"N\u00e9met Istv\u00e1n\",\"potentialAction\":[{\"@type\":\"SearchAction\",\"target\":{\"@type\":\"EntryPoint\",\"urlTemplate\":\"https:\/\/www.stevecircuit.hu\/?s={search_term_string}\"},\"query-input\":\"required name=search_term_string\"}],\"inLanguage\":\"en-US\"},{\"@type\":\"WebPage\",\"@id\":\"https:\/\/www.stevecircuit.hu\/\",\"url\":\"https:\/\/www.stevecircuit.hu\/\",\"name\":\"Kezd\u0151lap - STEVECIRCUIT\",\"isPartOf\":{\"@id\":\"https:\/\/www.stevecircuit.hu\/#website\"},\"datePublished\":\"2022-02-09T15:51:46+00:00\",\"dateModified\":\"2022-09-20T11:05:12+00:00\",\"breadcrumb\":{\"@id\":\"https:\/\/www.stevecircuit.hu\/#breadcrumb\"},\"inLanguage\":\"en-US\",\"potentialAction\":[{\"@type\":\"ReadAction\",\"target\":[\"https:\/\/www.stevecircuit.hu\/\"]}]},{\"@type\":\"BreadcrumbList\",\"@id\":\"https:\/\/www.stevecircuit.hu\/#breadcrumb\",\"itemListElement\":[{\"@type\":\"ListItem\",\"position\":1,\"name\":\"Home\",\"item\":\"https:\/\/www.stevecircuit.hu\/\"},{\"@type\":\"ListItem\",\"position\":2,\"name\":\"Kezd\u0151lap\"}]}]}<\/script>\n<!-- \/ Yoast SEO plugin. -->","yoast_head_json":{"title":"Kezd\u0151lap - STEVECIRCUIT","robots":{"index":"index","follow":"follow","max-snippet":"max-snippet:-1","max-image-preview":"max-image-preview:large","max-video-preview":"max-video-preview:-1"},"canonical":"https:\/\/www.stevecircuit.hu\/","og_locale":"en_US","og_type":"article","og_title":"Kezd\u0151lap - STEVECIRCUIT","og_description":"Ter\u00fcletek G\u00e9pgy\u00e1rt\u00e1stechnol\u00f3gia Egyedi alkatr\u00e9szek \u00e9s g\u00e9pek tervez\u00e9se, gy\u00e1rt\u00e1sa Elektronika \u00e9s villamosipar Egyedi \u00e1ramk\u00f6r\u00f6k \u00e9s vez\u00e9rl\u00e9sek kivitelez\u00e9se Fejleszt\u00e9s Be\u00e1gyazott rendszerek fejleszt\u00e9se L\u00e9pj\u00fcnk kapcsolatba! @istvan.tech TikTokon is megtal\u00e1lod napi tartalmaimat. N\u00e9met Istv\u00e1n L\u00e9pj\u00fcnk kapcsolatba a LinkedIn-en! Printables profilom, ahol sok hasznos 3D modellt publik\u00e1lok.","og_url":"https:\/\/www.stevecircuit.hu\/","og_site_name":"STEVECIRCUIT","article_modified_time":"2022-09-20T11:05:12+00:00","twitter_card":"summary_large_image","twitter_misc":{"Est. reading time":"1 minute"},"schema":{"@context":"https:\/\/schema.org","@graph":[{"@type":"WebSite","@id":"https:\/\/www.stevecircuit.hu\/#website","url":"https:\/\/www.stevecircuit.hu\/","name":"STEVECIRCUIT","description":"N\u00e9met Istv\u00e1n","potentialAction":[{"@type":"SearchAction","target":{"@type":"EntryPoint","urlTemplate":"https:\/\/www.stevecircuit.hu\/?s={search_term_string}"},"query-input":"required name=search_term_string"}],"inLanguage":"en-US"},{"@type":"WebPage","@id":"https:\/\/www.stevecircuit.hu\/","url":"https:\/\/www.stevecircuit.hu\/","name":"Kezd\u0151lap - STEVECIRCUIT","isPartOf":{"@id":"https:\/\/www.stevecircuit.hu\/#website"},"datePublished":"2022-02-09T15:51:46+00:00","dateModified":"2022-09-20T11:05:12+00:00","breadcrumb":{"@id":"https:\/\/www.stevecircuit.hu\/#breadcrumb"},"inLanguage":"en-US","potentialAction":[{"@type":"ReadAction","target":["https:\/\/www.stevecircuit.hu\/"]}]},{"@type":"BreadcrumbList","@id":"https:\/\/www.stevecircuit.hu\/#breadcrumb","itemListElement":[{"@type":"ListItem","position":1,"name":"Home","item":"https:\/\/www.stevecircuit.hu\/"},{"@type":"ListItem","position":2,"name":"Kezd\u0151lap"}]}]}},"_links":{"self":[{"href":"https:\/\/www.stevecircuit.hu\/index.php?rest_route=\/wp\/v2\/pages\/2"}],"collection":[{"href":"https:\/\/www.stevecircuit.hu\/index.php?rest_route=\/wp\/v2\/pages"}],"about":[{"href":"https:\/\/www.stevecircuit.hu\/index.php?rest_route=\/wp\/v2\/types\/page"}],"author":[{"embeddable":true,"href":"https:\/\/www.stevecircuit.hu\/index.php?rest_route=\/wp\/v2\/users\/1"}],"replies":[{"embeddable":true,"href":"https:\/\/www.stevecircuit.hu\/index.php?rest_route=%2Fwp%2Fv2%2Fcomments&post=2"}],"version-history":[{"count":17,"href":"https:\/\/www.stevecircuit.hu\/index.php?rest_route=\/wp\/v2\/pages\/2\/revisions"}],"predecessor-version":[{"id":110,"href":"https:\/\/www.stevecircuit.hu\/index.php?rest_route=\/wp\/v2\/pages\/2\/revisions\/110"}],"wp:attachment":[{"href":"https:\/\/www.stevecircuit.hu\/index.php?rest_route=%2Fwp%2Fv2%2Fmedia&parent=2"}],"curies":[{"name":"wp","href":"https:\/\/api.w.org\/{rel}","templated":true}]}}