{"id":75,"date":"2022-08-02T05:53:47","date_gmt":"2022-08-02T05:53:47","guid":{"rendered":"https:\/\/www.stevecircuit.hu\/?page_id=75"},"modified":"2022-09-27T11:56:34","modified_gmt":"2022-09-27T11:56:34","slug":"about","status":"publish","type":"page","link":"https:\/\/www.stevecircuit.hu\/?page_id=75","title":{"rendered":"R\u00f3lam"},"content":{"rendered":"\t\t<div data-elementor-type=\"wp-page\" data-elementor-id=\"75\" class=\"elementor elementor-75\" data-elementor-settings=\"[]\">\n\t\t\t\t\t\t<div class=\"elementor-inner\">\n\t\t\t\t\t\t\t<div class=\"elementor-section-wrap\">\n\t\t\t\t\t\t\t<section class=\"elementor-section elementor-top-section elementor-element elementor-element-0b4d406 elementor-section-boxed elementor-section-height-default elementor-section-height-default\" data-id=\"0b4d406\" data-element_type=\"section\">\n\t\t\t\t\t\t<div class=\"elementor-container elementor-column-gap-default\">\n\t\t\t\t\t\t\t<div class=\"elementor-row\">\n\t\t\t\t\t<div class=\"elementor-column elementor-col-33 elementor-top-column elementor-element elementor-element-29928d9\" data-id=\"29928d9\" data-element_type=\"column\">\n\t\t\t<div class=\"elementor-column-wrap elementor-element-populated\">\n\t\t\t\t\t\t\t<div class=\"elementor-widget-wrap\">\n\t\t\t\t\t\t<div class=\"elementor-element elementor-element-8e8de22 elementor-position-top elementor-vertical-align-top elementor-widget elementor-widget-image-box\" data-id=\"8e8de22\" data-element_type=\"widget\" data-widget_type=\"image-box.default\">\n\t\t\t\t<div class=\"elementor-widget-container\">\n\t\t\t<div class=\"elementor-image-box-wrapper\"><figure class=\"elementor-image-box-img\"><img width=\"1544\" height=\"1158\" src=\"https:\/\/www.stevecircuit.hu\/wp-content\/uploads\/2022\/08\/me1-2.png\" class=\"elementor-animation-grow attachment-full size-full\" alt=\"\" srcset=\"https:\/\/www.stevecircuit.hu\/wp-content\/uploads\/2022\/08\/me1-2.png 1544w, https:\/\/www.stevecircuit.hu\/wp-content\/uploads\/2022\/08\/me1-2-300x225.png 300w, https:\/\/www.stevecircuit.hu\/wp-content\/uploads\/2022\/08\/me1-2-1024x768.png 1024w, https:\/\/www.stevecircuit.hu\/wp-content\/uploads\/2022\/08\/me1-2-768x576.png 768w, https:\/\/www.stevecircuit.hu\/wp-content\/uploads\/2022\/08\/me1-2-1536x1152.png 1536w\" sizes=\"(max-width: 1544px) 100vw, 1544px\" \/><\/figure><div class=\"elementor-image-box-content\"><h3 class=\"elementor-image-box-title\">N\u00e9met Istv\u00e1n<\/h3><p class=\"elementor-image-box-description\">CTO & Co-Owner at GrainMonitor\n<br\/>\nAdditive Manufacturing Expert at impressive.hu<\/p><\/div><\/div>\t\t<\/div>\n\t\t\t\t<\/div>\n\t\t\t\t\t\t<\/div>\n\t\t\t\t\t<\/div>\n\t\t<\/div>\n\t\t\t\t<div class=\"elementor-column elementor-col-66 elementor-top-column elementor-element elementor-element-b09f7f2\" data-id=\"b09f7f2\" data-element_type=\"column\">\n\t\t\t<div class=\"elementor-column-wrap elementor-element-populated\">\n\t\t\t\t\t\t\t<div class=\"elementor-widget-wrap\">\n\t\t\t\t\t\t<div class=\"elementor-element elementor-element-593ac2c elementor-widget elementor-widget-text-editor\" data-id=\"593ac2c\" data-element_type=\"widget\" data-widget_type=\"text-editor.default\">\n\t\t\t\t<div class=\"elementor-widget-container\">\n\t\t\t\t\t<div class=\"elementor-text-editor elementor-clearfix\"><p>N\u00e9met Istv\u00e1n vagyok, 1999-ben sz\u00fclettem. Elektronikai technikusk\u00e9nt v\u00e9geztem P\u00e9csett a G\u00e9pipari Technikumban kiv\u00e1l\u00f3 min\u0151s\u00edt\u00e9ssel. Tanulm\u00e1nyaim mellett az elektronikai tervez\u00e9s, gy\u00e1rt\u00e1s \u00e9s k\u00e9sz\u00fcl\u00e9kjav\u00edt\u00e1s v\u00e1lt mindennapjaim munk\u00e1j\u00e1v\u00e1. 2018-ban ismertem meg mostani \u00fczlett\u00e1rsam \u00e9s mentorom M\u00f3zsa Ferencet az impressive.hu Kft. \u00dcgyvezet\u0151 tulajdonos\u00e1t.&nbsp;<\/p>\n<p>K\u00f6z\u00f6s munk\u00e1nk k\u00fcl\u00f6nf\u00e9le informatikai \u00e9s ipari informatikai rendszerek fejleszt\u00e9s\u00e9vel kezd\u0151d\u00f6tt, majd 2020-ban megalap\u00edtottuk a GrainMonitor-t \u00e9s piacra vitt\u00fck egyik korai fejleszt\u00e9s\u00fcnket, az okos gabonaszond\u00e1t.<\/p>\n<p>2022 Q1-ben az impressive.hu Kft. berkein bel\u00fcl megalap\u00edtottuk \u00faj \u00fczlet\u00e1gunkat, az iManufacturing-et G\u00e9pgy\u00e1rt\u00e1stechnol\u00f3gia, addit\u00edv gy\u00e1rt\u00e1s \u00e9s protot\u00edpusfejleszt\u00e9s f\u00f3kusszal.<\/p><\/div>\n\t\t\t\t<\/div>\n\t\t\t\t<\/div>\n\t\t\t\t\t\t<\/div>\n\t\t\t\t\t<\/div>\n\t\t<\/div>\n\t\t\t\t\t\t\t\t<\/div>\n\t\t\t\t\t<\/div>\n\t\t<\/section>\n\t\t\t\t<section class=\"elementor-section elementor-top-section elementor-element elementor-element-7d3faab elementor-section-boxed elementor-section-height-default elementor-section-height-default\" data-id=\"7d3faab\" data-element_type=\"section\">\n\t\t\t\t\t\t<div class=\"elementor-container elementor-column-gap-default\">\n\t\t\t\t\t\t\t<div class=\"elementor-row\">\n\t\t\t\t\t<div class=\"elementor-column elementor-col-100 elementor-top-column elementor-element elementor-element-2067efe\" data-id=\"2067efe\" data-element_type=\"column\">\n\t\t\t<div class=\"elementor-column-wrap elementor-element-populated\">\n\t\t\t\t\t\t\t<div class=\"elementor-widget-wrap\">\n\t\t\t\t\t\t<div class=\"elementor-element elementor-element-ead8856 elementor-widget elementor-widget-heading\" data-id=\"ead8856\" data-element_type=\"widget\" data-widget_type=\"heading.default\">\n\t\t\t\t<div class=\"elementor-widget-container\">\n\t\t\t<h2 class=\"elementor-heading-title elementor-size-default\">K\u00fcldet\u00e9sem<\/h2>\t\t<\/div>\n\t\t\t\t<\/div>\n\t\t\t\t<div class=\"elementor-element elementor-element-e7f392a elementor-widget elementor-widget-text-editor\" data-id=\"e7f392a\" data-element_type=\"widget\" data-widget_type=\"text-editor.default\">\n\t\t\t\t<div class=\"elementor-widget-container\">\n\t\t\t\t\t<div class=\"elementor-text-editor elementor-clearfix\"><p>Elk\u00f6telezetts\u00e9gem \u00e9s tiszteletem a szakm\u00e1m ir\u00e1nt t\u00f6retlen az \u00e9vek alatt. Folyamatosan azon dolgozom, hogy szakmais\u00e1gomban elmer\u00fcljek, k\u00e9pezzem magam.\u00a0<\/p><\/div>\n\t\t\t\t<\/div>\n\t\t\t\t<\/div>\n\t\t\t\t\t\t<\/div>\n\t\t\t\t\t<\/div>\n\t\t<\/div>\n\t\t\t\t\t\t\t\t<\/div>\n\t\t\t\t\t<\/div>\n\t\t<\/section>\n\t\t\t\t\t\t<\/div>\n\t\t\t\t\t\t<\/div>\n\t\t\t\t\t<\/div>\n\t\t","protected":false},"excerpt":{"rendered":"<p>N\u00e9met Istv\u00e1n CTO &#038; Co-Owner at GrainMonitor Additive Manufacturing Expert at impressive.hu N\u00e9met Istv\u00e1n vagyok, 1999-ben sz\u00fclettem. Elektronikai technikusk\u00e9nt v\u00e9geztem P\u00e9csett a G\u00e9pipari Technikumban kiv\u00e1l\u00f3 min\u0151s\u00edt\u00e9ssel. Tanulm\u00e1nyaim mellett az elektronikai tervez\u00e9s, gy\u00e1rt\u00e1s \u00e9s k\u00e9sz\u00fcl\u00e9kjav\u00edt\u00e1s v\u00e1lt mindennapjaim munk\u00e1j\u00e1v\u00e1. 2018-ban ismertem meg mostani \u00fczlett\u00e1rsam \u00e9s mentorom M\u00f3zsa Ferencet az impressive.hu Kft. \u00dcgyvezet\u0151 tulajdonos\u00e1t.&nbsp; K\u00f6z\u00f6s munk\u00e1nk k\u00fcl\u00f6nf\u00e9le informatikai<\/p>\n","protected":false},"author":1,"featured_media":0,"parent":0,"menu_order":0,"comment_status":"closed","ping_status":"closed","template":"","meta":[],"yoast_head":"<!-- This site is optimized with the Yoast SEO plugin v19.4 - https:\/\/yoast.com\/wordpress\/plugins\/seo\/ -->\n<title>R\u00f3lam - STEVECIRCUIT<\/title>\n<meta name=\"robots\" content=\"index, follow, max-snippet:-1, max-image-preview:large, max-video-preview:-1\" \/>\n<link rel=\"canonical\" href=\"https:\/\/www.stevecircuit.hu\/?page_id=75\" \/>\n<meta property=\"og:locale\" content=\"en_US\" \/>\n<meta property=\"og:type\" content=\"article\" \/>\n<meta property=\"og:title\" content=\"R\u00f3lam - STEVECIRCUIT\" \/>\n<meta property=\"og:description\" content=\"N\u00e9met Istv\u00e1n CTO &#038; Co-Owner at GrainMonitor Additive Manufacturing Expert at impressive.hu N\u00e9met Istv\u00e1n vagyok, 1999-ben sz\u00fclettem. Elektronikai technikusk\u00e9nt v\u00e9geztem P\u00e9csett a G\u00e9pipari Technikumban kiv\u00e1l\u00f3 min\u0151s\u00edt\u00e9ssel. Tanulm\u00e1nyaim mellett az elektronikai tervez\u00e9s, gy\u00e1rt\u00e1s \u00e9s k\u00e9sz\u00fcl\u00e9kjav\u00edt\u00e1s v\u00e1lt mindennapjaim munk\u00e1j\u00e1v\u00e1. 2018-ban ismertem meg mostani \u00fczlett\u00e1rsam \u00e9s mentorom M\u00f3zsa Ferencet az impressive.hu Kft. \u00dcgyvezet\u0151 tulajdonos\u00e1t.&nbsp; K\u00f6z\u00f6s munk\u00e1nk k\u00fcl\u00f6nf\u00e9le informatikai\" \/>\n<meta property=\"og:url\" content=\"https:\/\/www.stevecircuit.hu\/?page_id=75\" \/>\n<meta property=\"og:site_name\" content=\"STEVECIRCUIT\" \/>\n<meta property=\"article:modified_time\" content=\"2022-09-27T11:56:34+00:00\" \/>\n<meta property=\"og:image\" content=\"https:\/\/www.stevecircuit.hu\/wp-content\/uploads\/2022\/08\/me1-2.png\" \/>\n<meta name=\"twitter:card\" content=\"summary_large_image\" \/>\n<meta name=\"twitter:label1\" content=\"Est. reading time\" \/>\n\t<meta name=\"twitter:data1\" content=\"1 minute\" \/>\n<script type=\"application\/ld+json\" class=\"yoast-schema-graph\">{\"@context\":\"https:\/\/schema.org\",\"@graph\":[{\"@type\":\"WebSite\",\"@id\":\"https:\/\/www.stevecircuit.hu\/#website\",\"url\":\"https:\/\/www.stevecircuit.hu\/\",\"name\":\"STEVECIRCUIT\",\"description\":\"N\u00e9met Istv\u00e1n\",\"potentialAction\":[{\"@type\":\"SearchAction\",\"target\":{\"@type\":\"EntryPoint\",\"urlTemplate\":\"https:\/\/www.stevecircuit.hu\/?s={search_term_string}\"},\"query-input\":\"required name=search_term_string\"}],\"inLanguage\":\"en-US\"},{\"@type\":\"WebPage\",\"@id\":\"https:\/\/www.stevecircuit.hu\/?page_id=75\",\"url\":\"https:\/\/www.stevecircuit.hu\/?page_id=75\",\"name\":\"R\u00f3lam - STEVECIRCUIT\",\"isPartOf\":{\"@id\":\"https:\/\/www.stevecircuit.hu\/#website\"},\"datePublished\":\"2022-08-02T05:53:47+00:00\",\"dateModified\":\"2022-09-27T11:56:34+00:00\",\"breadcrumb\":{\"@id\":\"https:\/\/www.stevecircuit.hu\/?page_id=75#breadcrumb\"},\"inLanguage\":\"en-US\",\"potentialAction\":[{\"@type\":\"ReadAction\",\"target\":[\"https:\/\/www.stevecircuit.hu\/?page_id=75\"]}]},{\"@type\":\"BreadcrumbList\",\"@id\":\"https:\/\/www.stevecircuit.hu\/?page_id=75#breadcrumb\",\"itemListElement\":[{\"@type\":\"ListItem\",\"position\":1,\"name\":\"Home\",\"item\":\"https:\/\/www.stevecircuit.hu\/\"},{\"@type\":\"ListItem\",\"position\":2,\"name\":\"R\u00f3lam\"}]}]}<\/script>\n<!-- \/ Yoast SEO plugin. -->","yoast_head_json":{"title":"R\u00f3lam - STEVECIRCUIT","robots":{"index":"index","follow":"follow","max-snippet":"max-snippet:-1","max-image-preview":"max-image-preview:large","max-video-preview":"max-video-preview:-1"},"canonical":"https:\/\/www.stevecircuit.hu\/?page_id=75","og_locale":"en_US","og_type":"article","og_title":"R\u00f3lam - STEVECIRCUIT","og_description":"N\u00e9met Istv\u00e1n CTO &#038; Co-Owner at GrainMonitor Additive Manufacturing Expert at impressive.hu N\u00e9met Istv\u00e1n vagyok, 1999-ben sz\u00fclettem. Elektronikai technikusk\u00e9nt v\u00e9geztem P\u00e9csett a G\u00e9pipari Technikumban kiv\u00e1l\u00f3 min\u0151s\u00edt\u00e9ssel. Tanulm\u00e1nyaim mellett az elektronikai tervez\u00e9s, gy\u00e1rt\u00e1s \u00e9s k\u00e9sz\u00fcl\u00e9kjav\u00edt\u00e1s v\u00e1lt mindennapjaim munk\u00e1j\u00e1v\u00e1. 2018-ban ismertem meg mostani \u00fczlett\u00e1rsam \u00e9s mentorom M\u00f3zsa Ferencet az impressive.hu Kft. \u00dcgyvezet\u0151 tulajdonos\u00e1t.&nbsp; K\u00f6z\u00f6s munk\u00e1nk k\u00fcl\u00f6nf\u00e9le informatikai","og_url":"https:\/\/www.stevecircuit.hu\/?page_id=75","og_site_name":"STEVECIRCUIT","article_modified_time":"2022-09-27T11:56:34+00:00","og_image":[{"url":"https:\/\/www.stevecircuit.hu\/wp-content\/uploads\/2022\/08\/me1-2.png"}],"twitter_card":"summary_large_image","twitter_misc":{"Est. reading time":"1 minute"},"schema":{"@context":"https:\/\/schema.org","@graph":[{"@type":"WebSite","@id":"https:\/\/www.stevecircuit.hu\/#website","url":"https:\/\/www.stevecircuit.hu\/","name":"STEVECIRCUIT","description":"N\u00e9met Istv\u00e1n","potentialAction":[{"@type":"SearchAction","target":{"@type":"EntryPoint","urlTemplate":"https:\/\/www.stevecircuit.hu\/?s={search_term_string}"},"query-input":"required name=search_term_string"}],"inLanguage":"en-US"},{"@type":"WebPage","@id":"https:\/\/www.stevecircuit.hu\/?page_id=75","url":"https:\/\/www.stevecircuit.hu\/?page_id=75","name":"R\u00f3lam - STEVECIRCUIT","isPartOf":{"@id":"https:\/\/www.stevecircuit.hu\/#website"},"datePublished":"2022-08-02T05:53:47+00:00","dateModified":"2022-09-27T11:56:34+00:00","breadcrumb":{"@id":"https:\/\/www.stevecircuit.hu\/?page_id=75#breadcrumb"},"inLanguage":"en-US","potentialAction":[{"@type":"ReadAction","target":["https:\/\/www.stevecircuit.hu\/?page_id=75"]}]},{"@type":"BreadcrumbList","@id":"https:\/\/www.stevecircuit.hu\/?page_id=75#breadcrumb","itemListElement":[{"@type":"ListItem","position":1,"name":"Home","item":"https:\/\/www.stevecircuit.hu\/"},{"@type":"ListItem","position":2,"name":"R\u00f3lam"}]}]}},"_links":{"self":[{"href":"https:\/\/www.stevecircuit.hu\/index.php?rest_route=\/wp\/v2\/pages\/75"}],"collection":[{"href":"https:\/\/www.stevecircuit.hu\/index.php?rest_route=\/wp\/v2\/pages"}],"about":[{"href":"https:\/\/www.stevecircuit.hu\/index.php?rest_route=\/wp\/v2\/types\/page"}],"author":[{"embeddable":true,"href":"https:\/\/www.stevecircuit.hu\/index.php?rest_route=\/wp\/v2\/users\/1"}],"replies":[{"embeddable":true,"href":"https:\/\/www.stevecircuit.hu\/index.php?rest_route=%2Fwp%2Fv2%2Fcomments&post=75"}],"version-history":[{"count":7,"href":"https:\/\/www.stevecircuit.hu\/index.php?rest_route=\/wp\/v2\/pages\/75\/revisions"}],"predecessor-version":[{"id":111,"href":"https:\/\/www.stevecircuit.hu\/index.php?rest_route=\/wp\/v2\/pages\/75\/revisions\/111"}],"wp:attachment":[{"href":"https:\/\/www.stevecircuit.hu\/index.php?rest_route=%2Fwp%2Fv2%2Fmedia&parent=75"}],"curies":[{"name":"wp","href":"https:\/\/api.w.org\/{rel}","templated":true}]}}